{"id":2507,"date":"2022-01-09T19:52:15","date_gmt":"2022-01-09T21:52:15","guid":{"rendered":"http:\/\/www.agnadi-syros.gr\/new\/megas-gialos\/"},"modified":"2024-05-22T16:50:38","modified_gmt":"2024-05-22T18:50:38","slug":"megas-gialos","status":"publish","type":"page","link":"https:\/\/www.agnadi-syros.gr\/fr\/megas-gialos\/","title":{"rendered":"Megas Gialos"},"content":{"rendered":"\t\t<div data-elementor-type=\"wp-page\" data-elementor-id=\"2507\" class=\"elementor elementor-2507 elementor-912\">\n\t\t\t\t\t\t<section class=\"elementor-section elementor-top-section elementor-element elementor-element-1d0d9157 elementor-section-boxed elementor-section-height-default elementor-section-height-default\" data-id=\"1d0d9157\" data-element_type=\"section\" data-settings=\"{&quot;background_background&quot;:&quot;classic&quot;}\">\n\t\t\t\t\t\t\t<div class=\"elementor-background-overlay\"><\/div>\n\t\t\t\t\t\t\t<div class=\"elementor-container elementor-column-gap-default\">\n\t\t\t\t\t<div class=\"elementor-column elementor-col-100 elementor-top-column elementor-element elementor-element-1706886c\" data-id=\"1706886c\" data-element_type=\"column\">\n\t\t\t<div class=\"elementor-widget-wrap elementor-element-populated\">\n\t\t\t\t\t\t<div class=\"elementor-element elementor-element-183d19ba elementor-widget elementor-widget-heading\" data-id=\"183d19ba\" data-element_type=\"widget\" data-widget_type=\"heading.default\">\n\t\t\t\t<div class=\"elementor-widget-container\">\n\t\t\t\t\t<h1 class=\"elementor-heading-title elementor-size-default\">Megas Gialos<\/h1>\t\t\t\t<\/div>\n\t\t\t\t<\/div>\n\t\t\t\t\t<\/div>\n\t\t<\/div>\n\t\t\t\t\t<\/div>\n\t\t<\/section>\n\t\t\t\t<section class=\"elementor-section elementor-top-section elementor-element elementor-element-5aaeb36e elementor-section-boxed elementor-section-height-default elementor-section-height-default\" data-id=\"5aaeb36e\" data-element_type=\"section\">\n\t\t\t\t\t\t<div class=\"elementor-container elementor-column-gap-default\">\n\t\t\t\t\t<div class=\"elementor-column elementor-col-100 elementor-top-column elementor-element elementor-element-15ecf051\" data-id=\"15ecf051\" data-element_type=\"column\" data-settings=\"{&quot;background_background&quot;:&quot;classic&quot;}\">\n\t\t\t<div class=\"elementor-widget-wrap elementor-element-populated\">\n\t\t\t\t\t\t<div class=\"elementor-element elementor-element-5a5f51d6 elementor-arrows-position-inside elementor-pagination-position-outside elementor-widget elementor-widget-image-carousel\" data-id=\"5a5f51d6\" data-element_type=\"widget\" data-settings=\"{&quot;slides_to_show&quot;:&quot;1&quot;,&quot;navigation&quot;:&quot;both&quot;,&quot;autoplay&quot;:&quot;yes&quot;,&quot;pause_on_hover&quot;:&quot;yes&quot;,&quot;pause_on_interaction&quot;:&quot;yes&quot;,&quot;autoplay_speed&quot;:5000,&quot;infinite&quot;:&quot;yes&quot;,&quot;effect&quot;:&quot;slide&quot;,&quot;speed&quot;:500}\" data-widget_type=\"image-carousel.default\">\n\t\t\t\t<div class=\"elementor-widget-container\">\n\t\t\t\t\t\t\t<div class=\"elementor-image-carousel-wrapper swiper\" role=\"region\" aria-roledescription=\"carousel\" aria-label=\"Carrousel d\u2019images\" dir=\"ltr\">\n\t\t\t<div class=\"elementor-image-carousel swiper-wrapper\" aria-live=\"off\">\n\t\t\t\t\t\t\t\t<div class=\"swiper-slide\" role=\"group\" aria-roledescription=\"slide\" aria-label=\"1 sur 4\"><a data-elementor-open-lightbox=\"yes\" data-elementor-lightbox-slideshow=\"5a5f51d6\" data-elementor-lightbox-title=\"Agnadi Beach 2\" data-elementor-lightbox-description=\"Agnadi Beach 2\" data-e-action-hash=\"#elementor-action%3Aaction%3Dlightbox%26settings%3DeyJpZCI6MTM0NiwidXJsIjoiaHR0cHM6XC9cL3d3dy5hZ25hZGktc3lyb3MuZ3JcL25ld1wvd3AtY29udGVudFwvdXBsb2Fkc1wvMjAyMVwvMTJcL2FnbmFkaV9iZWFjaF8yLmpwZyIsInNsaWRlc2hvdyI6IjVhNWY1MWQ2In0%3D\" href=\"https:\/\/www.agnadi-syros.gr\/new\/wp-content\/uploads\/2021\/12\/agnadi_beach_2.jpg\"><figure class=\"swiper-slide-inner\"><img decoding=\"async\" class=\"swiper-slide-image\" src=\"https:\/\/www.agnadi-syros.gr\/new\/wp-content\/uploads\/2021\/12\/agnadi_beach_2-768x509.jpg\" alt=\"Agnadi Beach 2\" \/><\/figure><\/a><\/div><div class=\"swiper-slide\" role=\"group\" aria-roledescription=\"slide\" aria-label=\"2 sur 4\"><a data-elementor-open-lightbox=\"yes\" data-elementor-lightbox-slideshow=\"5a5f51d6\" data-elementor-lightbox-title=\"agnadi beach 1\" data-elementor-lightbox-description=\"agnadi beach 1\" data-e-action-hash=\"#elementor-action%3Aaction%3Dlightbox%26settings%3DeyJpZCI6NTU5LCJ1cmwiOiJodHRwczpcL1wvd3d3LmFnbmFkaS1zeXJvcy5nclwvbmV3XC93cC1jb250ZW50XC91cGxvYWRzXC8yMDIxXC8xMlwvYWduYWRpX2JlYWNoXzEuanBnIiwic2xpZGVzaG93IjoiNWE1ZjUxZDYifQ%3D%3D\" href=\"https:\/\/www.agnadi-syros.gr\/new\/wp-content\/uploads\/2021\/12\/agnadi_beach_1.jpg\"><figure class=\"swiper-slide-inner\"><img decoding=\"async\" class=\"swiper-slide-image\" src=\"https:\/\/www.agnadi-syros.gr\/new\/wp-content\/uploads\/2021\/12\/agnadi_beach_1-768x517.jpg\" alt=\"agnadi beach 1\" \/><\/figure><\/a><\/div><div class=\"swiper-slide\" role=\"group\" aria-roledescription=\"slide\" aria-label=\"3 sur 4\"><a data-elementor-open-lightbox=\"yes\" data-elementor-lightbox-slideshow=\"5a5f51d6\" data-elementor-lightbox-title=\"liaropa syros\" data-elementor-lightbox-description=\"liaropa syros\" data-e-action-hash=\"#elementor-action%3Aaction%3Dlightbox%26settings%3DeyJpZCI6NjMyLCJ1cmwiOiJodHRwczpcL1wvd3d3LmFnbmFkaS1zeXJvcy5nclwvbmV3XC93cC1jb250ZW50XC91cGxvYWRzXC8yMDIxXC8xMlwvbGlhcm9wYV9zeXJvcy5qcGciLCJzbGlkZXNob3ciOiI1YTVmNTFkNiJ9\" href=\"https:\/\/www.agnadi-syros.gr\/new\/wp-content\/uploads\/2021\/12\/liaropa_syros.jpg\"><figure class=\"swiper-slide-inner\"><img decoding=\"async\" class=\"swiper-slide-image\" src=\"https:\/\/www.agnadi-syros.gr\/new\/wp-content\/uploads\/2021\/12\/liaropa_syros-768x512.jpg\" alt=\"liaropa syros\" \/><\/figure><\/a><\/div><div class=\"swiper-slide\" role=\"group\" aria-roledescription=\"slide\" aria-label=\"4 sur 4\"><a data-elementor-open-lightbox=\"yes\" data-elementor-lightbox-slideshow=\"5a5f51d6\" data-elementor-lightbox-title=\"megas gialos syros\" data-elementor-lightbox-description=\"megas gialos syros\" data-e-action-hash=\"#elementor-action%3Aaction%3Dlightbox%26settings%3DeyJpZCI6NjMzLCJ1cmwiOiJodHRwczpcL1wvd3d3LmFnbmFkaS1zeXJvcy5nclwvbmV3XC93cC1jb250ZW50XC91cGxvYWRzXC8yMDIxXC8xMlwvbWVnYXNfZ2lhbG9zX3N5cm9zLmpwZyIsInNsaWRlc2hvdyI6IjVhNWY1MWQ2In0%3D\" href=\"https:\/\/www.agnadi-syros.gr\/new\/wp-content\/uploads\/2021\/12\/megas_gialos_syros.jpg\"><figure class=\"swiper-slide-inner\"><img decoding=\"async\" class=\"swiper-slide-image\" src=\"https:\/\/www.agnadi-syros.gr\/new\/wp-content\/uploads\/2021\/12\/megas_gialos_syros-768x512.jpg\" alt=\"megas gialos syros\" \/><\/figure><\/a><\/div>\t\t\t<\/div>\n\t\t\t\t\t\t\t\t\t\t\t\t<div class=\"elementor-swiper-button elementor-swiper-button-prev\" role=\"button\" tabindex=\"0\">\n\t\t\t\t\t\t<i aria-hidden=\"true\" class=\"eicon-chevron-left\"><\/i>\t\t\t\t\t<\/div>\n\t\t\t\t\t<div class=\"elementor-swiper-button elementor-swiper-button-next\" role=\"button\" tabindex=\"0\">\n\t\t\t\t\t\t<i aria-hidden=\"true\" class=\"eicon-chevron-right\"><\/i>\t\t\t\t\t<\/div>\n\t\t\t\t\n\t\t\t\t\t\t\t\t\t<div class=\"swiper-pagination\"><\/div>\n\t\t\t\t\t\t\t\t\t<\/div>\n\t\t\t\t\t\t<\/div>\n\t\t\t\t<\/div>\n\t\t\t\t<div class=\"elementor-element elementor-element-1a35d3cb elementor-widget elementor-widget-heading\" data-id=\"1a35d3cb\" data-element_type=\"widget\" data-widget_type=\"heading.default\">\n\t\t\t\t<div class=\"elementor-widget-container\">\n\t\t\t\t\t<h2 class=\"elementor-heading-title elementor-size-default\">Village le plus au sud de Syros<\/h2>\t\t\t\t<\/div>\n\t\t\t\t<\/div>\n\t\t\t\t<div class=\"elementor-element elementor-element-6bc5056d elementor-widget elementor-widget-text-editor\" data-id=\"6bc5056d\" data-element_type=\"widget\" data-widget_type=\"text-editor.default\">\n\t\t\t\t<div class=\"elementor-widget-container\">\n\t\t\t\t\t\t\t\t\t<div>\n<div>\n<div>\n<div>\n<div>\n<div>\n<div>\n<div>\n<div>\n<div class=\"elementor-icon-box-content\">\n<p class=\"elementor-icon-box-description\">Megas Gialos se trouve sur la rive du c\u00f4t\u00e9 sud de l&rsquo;\u00eele.<\/p>\n<p class=\"elementor-icon-box-description\">Est un village\u00a0 avec\u00a0 une charmante plage plant\u00e9e de tamaris.\u00a0 La mer bleue, les petites criques, les bateaux,les navires qui passent, offrent la pr\u00e9disposition pour des d\u00e9parts \u00e0 travers et hors de l&rsquo;esprit.<\/p>\n<p>La sc\u00e8ne nu avec les montagnes \u00ab\u00a0rasses\u00a0\u00bb, les chapelles, les chemins de randonn\u00e9es et de la catholique \u00e9glise de Sainte-Th\u00e8cla, donnent le feu de la vie.<\/p>\n<p>Le d\u00e9sir d&rsquo;explorer est intense et les zones environnantes \u00ab\u00a0Ambela\u00a0\u00bb, \u00ab\u00a0Tria Lagonia\u00a0\u00bb, \u00ab\u00a0Hassani\u00a0\u00bb sont offertes.<\/p>\n<p>Pendant la deuxi\u00e8me semaine d&rsquo; Ao\u00fbt, on organise des festivit\u00e9s, en l&rsquo; honneur de la Vierge Marie de la Mer (Thallassini)\u00a0 \u00e0 l&rsquo; eglise orthodoxe mais aussi une semaine avant, \u00e0 l&rsquo;eglise catholique de Sainte Th\u00e8cla.<\/p>\n<\/div>\n<p>En partant de Megas Gialos, la route \u00e0 gauche conduit \u00e0 Ambela , un crique id\u00e8ale\u00a0 pour la p\u00eache et la grotte de Rozos qui servait autrefois de refuse en cas de danger, aux habitants de la region.\u00a0 D&rsquo; apr\u00e8s la tradition cette grotte \u00e9tait habit\u00e9 par des sir\u00e8nes qui gardaient un tr\u00e9sor.<\/p>\n<\/div>\n<\/div>\n<\/div>\n<\/div>\n<\/div>\n<\/div>\n<\/div>\n<\/div>\n<\/div>\n\t\t\t\t\t\t\t\t<\/div>\n\t\t\t\t<\/div>\n\t\t\t\t<section class=\"elementor-section elementor-inner-section elementor-element elementor-element-32e2a952 elementor-section-boxed elementor-section-height-default elementor-section-height-default\" data-id=\"32e2a952\" data-element_type=\"section\">\n\t\t\t\t\t\t<div class=\"elementor-container elementor-column-gap-default\">\n\t\t\t\t\t<div class=\"elementor-column elementor-col-25 elementor-inner-column elementor-element elementor-element-9899caa\" data-id=\"9899caa\" data-element_type=\"column\" data-settings=\"{&quot;background_background&quot;:&quot;classic&quot;}\">\n\t\t\t<div class=\"elementor-widget-wrap elementor-element-populated\">\n\t\t\t\t\t\t<div class=\"elementor-element elementor-element-2f071af7 elementor-widget elementor-widget-image\" data-id=\"2f071af7\" data-element_type=\"widget\" data-widget_type=\"image.default\">\n\t\t\t\t<div class=\"elementor-widget-container\">\n\t\t\t\t\t\t\t\t\t\t\t\t\t\t\t<img fetchpriority=\"high\" decoding=\"async\" width=\"1631\" height=\"1080\" src=\"https:\/\/www.agnadi-syros.gr\/new\/wp-content\/uploads\/2021\/12\/agnadi_beach_2.jpg\" class=\"elementor-animation-grow attachment-full size-full wp-image-1346\" alt=\"Agnadi Beach 2\" srcset=\"https:\/\/www.agnadi-syros.gr\/new\/wp-content\/uploads\/2021\/12\/agnadi_beach_2.jpg 1631w, https:\/\/www.agnadi-syros.gr\/new\/wp-content\/uploads\/2021\/12\/agnadi_beach_2-300x199.jpg 300w, https:\/\/www.agnadi-syros.gr\/new\/wp-content\/uploads\/2021\/12\/agnadi_beach_2-1024x678.jpg 1024w, https:\/\/www.agnadi-syros.gr\/new\/wp-content\/uploads\/2021\/12\/agnadi_beach_2-768x509.jpg 768w, https:\/\/www.agnadi-syros.gr\/new\/wp-content\/uploads\/2021\/12\/agnadi_beach_2-1536x1017.jpg 1536w\" sizes=\"(max-width: 1631px) 100vw, 1631px\" \/>\t\t\t\t\t\t\t\t\t\t\t\t\t\t\t<\/div>\n\t\t\t\t<\/div>\n\t\t\t\t\t<\/div>\n\t\t<\/div>\n\t\t\t\t<div class=\"elementor-column elementor-col-25 elementor-inner-column elementor-element elementor-element-578f668f\" data-id=\"578f668f\" data-element_type=\"column\" data-settings=\"{&quot;background_background&quot;:&quot;classic&quot;}\">\n\t\t\t<div class=\"elementor-widget-wrap elementor-element-populated\">\n\t\t\t\t\t\t<div class=\"elementor-element elementor-element-59fbc404 elementor-widget elementor-widget-image\" data-id=\"59fbc404\" data-element_type=\"widget\" data-widget_type=\"image.default\">\n\t\t\t\t<div class=\"elementor-widget-container\">\n\t\t\t\t\t\t\t\t\t\t\t\t\t\t\t<img decoding=\"async\" width=\"1620\" height=\"1080\" src=\"https:\/\/www.agnadi-syros.gr\/new\/wp-content\/uploads\/2021\/12\/megas_gialos_syros.jpg\" class=\"elementor-animation-grow attachment-full size-full wp-image-633\" alt=\"megas gialos syros\" srcset=\"https:\/\/www.agnadi-syros.gr\/new\/wp-content\/uploads\/2021\/12\/megas_gialos_syros.jpg 1620w, https:\/\/www.agnadi-syros.gr\/new\/wp-content\/uploads\/2021\/12\/megas_gialos_syros-300x200.jpg 300w, https:\/\/www.agnadi-syros.gr\/new\/wp-content\/uploads\/2021\/12\/megas_gialos_syros-1024x683.jpg 1024w, https:\/\/www.agnadi-syros.gr\/new\/wp-content\/uploads\/2021\/12\/megas_gialos_syros-768x512.jpg 768w, https:\/\/www.agnadi-syros.gr\/new\/wp-content\/uploads\/2021\/12\/megas_gialos_syros-1536x1024.jpg 1536w\" sizes=\"(max-width: 1620px) 100vw, 1620px\" \/>\t\t\t\t\t\t\t\t\t\t\t\t\t\t\t<\/div>\n\t\t\t\t<\/div>\n\t\t\t\t\t<\/div>\n\t\t<\/div>\n\t\t\t\t<div class=\"elementor-column elementor-col-25 elementor-inner-column elementor-element elementor-element-45889e76\" data-id=\"45889e76\" data-element_type=\"column\" data-settings=\"{&quot;background_background&quot;:&quot;classic&quot;}\">\n\t\t\t<div class=\"elementor-widget-wrap elementor-element-populated\">\n\t\t\t\t\t\t<div class=\"elementor-element elementor-element-6689aa85 elementor-widget elementor-widget-image\" data-id=\"6689aa85\" data-element_type=\"widget\" data-widget_type=\"image.default\">\n\t\t\t\t<div class=\"elementor-widget-container\">\n\t\t\t\t\t\t\t\t\t\t\t\t\t\t\t<img decoding=\"async\" width=\"1603\" height=\"1080\" src=\"https:\/\/www.agnadi-syros.gr\/new\/wp-content\/uploads\/2021\/12\/agnadi_beach_1.jpg\" class=\"elementor-animation-grow attachment-full size-full wp-image-559\" alt=\"agnadi beach 1\" srcset=\"https:\/\/www.agnadi-syros.gr\/new\/wp-content\/uploads\/2021\/12\/agnadi_beach_1.jpg 1603w, https:\/\/www.agnadi-syros.gr\/new\/wp-content\/uploads\/2021\/12\/agnadi_beach_1-300x202.jpg 300w, https:\/\/www.agnadi-syros.gr\/new\/wp-content\/uploads\/2021\/12\/agnadi_beach_1-1024x690.jpg 1024w, https:\/\/www.agnadi-syros.gr\/new\/wp-content\/uploads\/2021\/12\/agnadi_beach_1-768x517.jpg 768w, https:\/\/www.agnadi-syros.gr\/new\/wp-content\/uploads\/2021\/12\/agnadi_beach_1-1536x1035.jpg 1536w\" sizes=\"(max-width: 1603px) 100vw, 1603px\" \/>\t\t\t\t\t\t\t\t\t\t\t\t\t\t\t<\/div>\n\t\t\t\t<\/div>\n\t\t\t\t\t<\/div>\n\t\t<\/div>\n\t\t\t\t<div class=\"elementor-column elementor-col-25 elementor-inner-column elementor-element elementor-element-2a3af332\" data-id=\"2a3af332\" data-element_type=\"column\" data-settings=\"{&quot;background_background&quot;:&quot;classic&quot;}\">\n\t\t\t<div class=\"elementor-widget-wrap elementor-element-populated\">\n\t\t\t\t\t\t<div class=\"elementor-element elementor-element-3bc7f69d elementor-widget elementor-widget-image\" data-id=\"3bc7f69d\" data-element_type=\"widget\" data-widget_type=\"image.default\">\n\t\t\t\t<div class=\"elementor-widget-container\">\n\t\t\t\t\t\t\t\t\t\t\t\t\t\t\t<img loading=\"lazy\" decoding=\"async\" width=\"1620\" height=\"1080\" src=\"https:\/\/www.agnadi-syros.gr\/new\/wp-content\/uploads\/2021\/12\/liaropa_syros.jpg\" class=\"elementor-animation-grow attachment-full size-full wp-image-632\" alt=\"liaropa syros\" srcset=\"https:\/\/www.agnadi-syros.gr\/new\/wp-content\/uploads\/2021\/12\/liaropa_syros.jpg 1620w, https:\/\/www.agnadi-syros.gr\/new\/wp-content\/uploads\/2021\/12\/liaropa_syros-300x200.jpg 300w, https:\/\/www.agnadi-syros.gr\/new\/wp-content\/uploads\/2021\/12\/liaropa_syros-1024x683.jpg 1024w, https:\/\/www.agnadi-syros.gr\/new\/wp-content\/uploads\/2021\/12\/liaropa_syros-768x512.jpg 768w, https:\/\/www.agnadi-syros.gr\/new\/wp-content\/uploads\/2021\/12\/liaropa_syros-1536x1024.jpg 1536w\" sizes=\"(max-width: 1620px) 100vw, 1620px\" \/>\t\t\t\t\t\t\t\t\t\t\t\t\t\t\t<\/div>\n\t\t\t\t<\/div>\n\t\t\t\t\t<\/div>\n\t\t<\/div>\n\t\t\t\t\t<\/div>\n\t\t<\/section>\n\t\t\t\t\t<\/div>\n\t\t<\/div>\n\t\t\t\t\t<\/div>\n\t\t<\/section>\n\t\t\t\t<\/div>\n\t\t","protected":false},"excerpt":{"rendered":"<p>Megas Gialos Village le plus au sud de Syros Megas Gialos se trouve sur la rive du c\u00f4t\u00e9 sud de l&rsquo;\u00eele. Est un village\u00a0 avec\u00a0 une charmante plage plant\u00e9e de tamaris.\u00a0 La mer bleue, les petites criques, les bateaux,les navires qui passent, offrent la pr\u00e9disposition pour des d\u00e9parts \u00e0 travers et hors de l&rsquo;esprit. La [&hellip;]<\/p>\n","protected":false},"author":1,"featured_media":0,"parent":0,"menu_order":0,"comment_status":"closed","ping_status":"closed","template":"","meta":{"footnotes":""},"class_list":["post-2507","page","type-page","status-publish","hentry"],"yoast_head":"<!-- This site is optimized with the Yoast SEO plugin v26.0 - https:\/\/yoast.com\/wordpress\/plugins\/seo\/ -->\n<title>Megas Gialos | Agnadi Syros Au bord de la mer Studios | Accueil familial<\/title>\n<meta name=\"description\" content=\"L&#039;ambiance familiale, la plage en face et l\u2019 \u00eele n\u00e9oclassique de Syros, sont les ingr\u00e9dients pour des vacances id\u00e9ales \u00e0 Cyclades.\" \/>\n<meta name=\"robots\" content=\"index, follow, max-snippet:-1, max-image-preview:large, max-video-preview:-1\" \/>\n<link rel=\"canonical\" href=\"https:\/\/www.agnadi-syros.gr\/fr\/megas-gialos\/\" \/>\n<meta property=\"og:locale\" content=\"fr_FR\" \/>\n<meta property=\"og:type\" content=\"article\" \/>\n<meta property=\"og:title\" content=\"Megas Gialos | Agnadi Syros Au bord de la mer Studios | Accueil familial\" \/>\n<meta property=\"og:description\" content=\"L&#039;ambiance familiale, la plage en face et l\u2019 \u00eele n\u00e9oclassique de Syros, sont les ingr\u00e9dients pour des vacances id\u00e9ales \u00e0 Cyclades.\" \/>\n<meta property=\"og:url\" content=\"https:\/\/www.agnadi-syros.gr\/fr\/megas-gialos\/\" \/>\n<meta property=\"og:site_name\" content=\"Agnadi Syros\" \/>\n<meta property=\"article:modified_time\" content=\"2024-05-22T18:50:38+00:00\" \/>\n<meta property=\"og:image\" content=\"https:\/\/www.agnadi-syros.gr\/new\/wp-content\/uploads\/2021\/12\/agnadi_beach_2.jpg\" \/>\n<meta name=\"twitter:card\" content=\"summary_large_image\" \/>\n<meta name=\"twitter:title\" content=\"Megas Gialos | Agnadi Syros Au bord de la mer Studios | Accueil familial\" \/>\n<meta name=\"twitter:description\" content=\"L&#039;ambiance familiale, la plage en face et l\u2019 \u00eele n\u00e9oclassique de Syros, sont les ingr\u00e9dients pour des vacances id\u00e9ales \u00e0 Cyclades.\" \/>\n<meta name=\"twitter:image\" content=\"https:\/\/www.agnadi-syros.gr\/new\/wp-content\/uploads\/2021\/12\/agnadi_beach_2.jpg\" \/>\n<meta name=\"twitter:label1\" content=\"Dur\u00e9e de lecture estim\u00e9e\" \/>\n\t<meta name=\"twitter:data1\" content=\"1 minute\" \/>\n<script type=\"application\/ld+json\" class=\"yoast-schema-graph\">{\"@context\":\"https:\/\/schema.org\",\"@graph\":[{\"@type\":\"WebPage\",\"@id\":\"https:\/\/www.agnadi-syros.gr\/fr\/megas-gialos\/\",\"url\":\"https:\/\/www.agnadi-syros.gr\/fr\/megas-gialos\/\",\"name\":\"Megas Gialos | Agnadi Syros Au bord de la mer Studios | Accueil familial\",\"isPartOf\":{\"@id\":\"https:\/\/www.agnadi-syros.gr\/fr\/#website\"},\"primaryImageOfPage\":{\"@id\":\"https:\/\/www.agnadi-syros.gr\/fr\/megas-gialos\/#primaryimage\"},\"image\":{\"@id\":\"https:\/\/www.agnadi-syros.gr\/fr\/megas-gialos\/#primaryimage\"},\"thumbnailUrl\":\"https:\/\/www.agnadi-syros.gr\/new\/wp-content\/uploads\/2021\/12\/agnadi_beach_2-768x509.jpg\",\"datePublished\":\"2022-01-09T21:52:15+00:00\",\"dateModified\":\"2024-05-22T18:50:38+00:00\",\"description\":\"L'ambiance familiale, la plage en face et l\u2019 \u00eele n\u00e9oclassique de Syros, sont les ingr\u00e9dients pour des vacances id\u00e9ales \u00e0 Cyclades.\",\"breadcrumb\":{\"@id\":\"https:\/\/www.agnadi-syros.gr\/fr\/megas-gialos\/#breadcrumb\"},\"inLanguage\":\"fr-FR\",\"potentialAction\":[{\"@type\":\"ReadAction\",\"target\":[\"https:\/\/www.agnadi-syros.gr\/fr\/megas-gialos\/\"]}]},{\"@type\":\"ImageObject\",\"inLanguage\":\"fr-FR\",\"@id\":\"https:\/\/www.agnadi-syros.gr\/fr\/megas-gialos\/#primaryimage\",\"url\":\"https:\/\/www.agnadi-syros.gr\/new\/wp-content\/uploads\/2021\/12\/agnadi_beach_2-768x509.jpg\",\"contentUrl\":\"https:\/\/www.agnadi-syros.gr\/new\/wp-content\/uploads\/2021\/12\/agnadi_beach_2-768x509.jpg\"},{\"@type\":\"BreadcrumbList\",\"@id\":\"https:\/\/www.agnadi-syros.gr\/fr\/megas-gialos\/#breadcrumb\",\"itemListElement\":[{\"@type\":\"ListItem\",\"position\":1,\"name\":\"Home\",\"item\":\"https:\/\/www.agnadi-syros.gr\/fr\/accueil\/\"},{\"@type\":\"ListItem\",\"position\":2,\"name\":\"Megas Gialos\"}]},{\"@type\":\"WebSite\",\"@id\":\"https:\/\/www.agnadi-syros.gr\/fr\/#website\",\"url\":\"https:\/\/www.agnadi-syros.gr\/fr\/\",\"name\":\"Agnadi Syros\",\"description\":\"Feels like family\",\"publisher\":{\"@id\":\"https:\/\/www.agnadi-syros.gr\/fr\/#organization\"},\"potentialAction\":[{\"@type\":\"SearchAction\",\"target\":{\"@type\":\"EntryPoint\",\"urlTemplate\":\"https:\/\/www.agnadi-syros.gr\/fr\/?s={search_term_string}\"},\"query-input\":{\"@type\":\"PropertyValueSpecification\",\"valueRequired\":true,\"valueName\":\"search_term_string\"}}],\"inLanguage\":\"fr-FR\"},{\"@type\":\"Organization\",\"@id\":\"https:\/\/www.agnadi-syros.gr\/fr\/#organization\",\"name\":\"Agnadi Syros\",\"url\":\"https:\/\/www.agnadi-syros.gr\/fr\/\",\"logo\":{\"@type\":\"ImageObject\",\"inLanguage\":\"fr-FR\",\"@id\":\"https:\/\/www.agnadi-syros.gr\/fr\/#\/schema\/logo\/image\/\",\"url\":\"https:\/\/www.agnadi-syros.gr\/new\/wp-content\/uploads\/2022\/01\/AGNADI-LOGOTYPE_EN_VERTICAL_WHITE-2024-\u00a9-Sowl-Creative-Studio.png\",\"contentUrl\":\"https:\/\/www.agnadi-syros.gr\/new\/wp-content\/uploads\/2022\/01\/AGNADI-LOGOTYPE_EN_VERTICAL_WHITE-2024-\u00a9-Sowl-Creative-Studio.png\",\"width\":728,\"height\":344,\"caption\":\"Agnadi Syros\"},\"image\":{\"@id\":\"https:\/\/www.agnadi-syros.gr\/fr\/#\/schema\/logo\/image\/\"}}]}<\/script>\n<!-- \/ Yoast SEO plugin. -->","yoast_head_json":{"title":"Megas Gialos | Agnadi Syros Au bord de la mer Studios | Accueil familial","description":"L'ambiance familiale, la plage en face et l\u2019 \u00eele n\u00e9oclassique de Syros, sont les ingr\u00e9dients pour des vacances id\u00e9ales \u00e0 Cyclades.","robots":{"index":"index","follow":"follow","max-snippet":"max-snippet:-1","max-image-preview":"max-image-preview:large","max-video-preview":"max-video-preview:-1"},"canonical":"https:\/\/www.agnadi-syros.gr\/fr\/megas-gialos\/","og_locale":"fr_FR","og_type":"article","og_title":"Megas Gialos | Agnadi Syros Au bord de la mer Studios | Accueil familial","og_description":"L'ambiance familiale, la plage en face et l\u2019 \u00eele n\u00e9oclassique de Syros, sont les ingr\u00e9dients pour des vacances id\u00e9ales \u00e0 Cyclades.","og_url":"https:\/\/www.agnadi-syros.gr\/fr\/megas-gialos\/","og_site_name":"Agnadi Syros","article_modified_time":"2024-05-22T18:50:38+00:00","og_image":[{"url":"https:\/\/www.agnadi-syros.gr\/new\/wp-content\/uploads\/2021\/12\/agnadi_beach_2.jpg","type":"","width":"","height":""}],"twitter_card":"summary_large_image","twitter_title":"Megas Gialos | Agnadi Syros Au bord de la mer Studios | Accueil familial","twitter_description":"L'ambiance familiale, la plage en face et l\u2019 \u00eele n\u00e9oclassique de Syros, sont les ingr\u00e9dients pour des vacances id\u00e9ales \u00e0 Cyclades.","twitter_image":"https:\/\/www.agnadi-syros.gr\/new\/wp-content\/uploads\/2021\/12\/agnadi_beach_2.jpg","twitter_misc":{"Dur\u00e9e de lecture estim\u00e9e":"1 minute"},"schema":{"@context":"https:\/\/schema.org","@graph":[{"@type":"WebPage","@id":"https:\/\/www.agnadi-syros.gr\/fr\/megas-gialos\/","url":"https:\/\/www.agnadi-syros.gr\/fr\/megas-gialos\/","name":"Megas Gialos | Agnadi Syros Au bord de la mer Studios | Accueil familial","isPartOf":{"@id":"https:\/\/www.agnadi-syros.gr\/fr\/#website"},"primaryImageOfPage":{"@id":"https:\/\/www.agnadi-syros.gr\/fr\/megas-gialos\/#primaryimage"},"image":{"@id":"https:\/\/www.agnadi-syros.gr\/fr\/megas-gialos\/#primaryimage"},"thumbnailUrl":"https:\/\/www.agnadi-syros.gr\/new\/wp-content\/uploads\/2021\/12\/agnadi_beach_2-768x509.jpg","datePublished":"2022-01-09T21:52:15+00:00","dateModified":"2024-05-22T18:50:38+00:00","description":"L'ambiance familiale, la plage en face et l\u2019 \u00eele n\u00e9oclassique de Syros, sont les ingr\u00e9dients pour des vacances id\u00e9ales \u00e0 Cyclades.","breadcrumb":{"@id":"https:\/\/www.agnadi-syros.gr\/fr\/megas-gialos\/#breadcrumb"},"inLanguage":"fr-FR","potentialAction":[{"@type":"ReadAction","target":["https:\/\/www.agnadi-syros.gr\/fr\/megas-gialos\/"]}]},{"@type":"ImageObject","inLanguage":"fr-FR","@id":"https:\/\/www.agnadi-syros.gr\/fr\/megas-gialos\/#primaryimage","url":"https:\/\/www.agnadi-syros.gr\/new\/wp-content\/uploads\/2021\/12\/agnadi_beach_2-768x509.jpg","contentUrl":"https:\/\/www.agnadi-syros.gr\/new\/wp-content\/uploads\/2021\/12\/agnadi_beach_2-768x509.jpg"},{"@type":"BreadcrumbList","@id":"https:\/\/www.agnadi-syros.gr\/fr\/megas-gialos\/#breadcrumb","itemListElement":[{"@type":"ListItem","position":1,"name":"Home","item":"https:\/\/www.agnadi-syros.gr\/fr\/accueil\/"},{"@type":"ListItem","position":2,"name":"Megas Gialos"}]},{"@type":"WebSite","@id":"https:\/\/www.agnadi-syros.gr\/fr\/#website","url":"https:\/\/www.agnadi-syros.gr\/fr\/","name":"Agnadi Syros","description":"Feels like family","publisher":{"@id":"https:\/\/www.agnadi-syros.gr\/fr\/#organization"},"potentialAction":[{"@type":"SearchAction","target":{"@type":"EntryPoint","urlTemplate":"https:\/\/www.agnadi-syros.gr\/fr\/?s={search_term_string}"},"query-input":{"@type":"PropertyValueSpecification","valueRequired":true,"valueName":"search_term_string"}}],"inLanguage":"fr-FR"},{"@type":"Organization","@id":"https:\/\/www.agnadi-syros.gr\/fr\/#organization","name":"Agnadi Syros","url":"https:\/\/www.agnadi-syros.gr\/fr\/","logo":{"@type":"ImageObject","inLanguage":"fr-FR","@id":"https:\/\/www.agnadi-syros.gr\/fr\/#\/schema\/logo\/image\/","url":"https:\/\/www.agnadi-syros.gr\/new\/wp-content\/uploads\/2022\/01\/AGNADI-LOGOTYPE_EN_VERTICAL_WHITE-2024-\u00a9-Sowl-Creative-Studio.png","contentUrl":"https:\/\/www.agnadi-syros.gr\/new\/wp-content\/uploads\/2022\/01\/AGNADI-LOGOTYPE_EN_VERTICAL_WHITE-2024-\u00a9-Sowl-Creative-Studio.png","width":728,"height":344,"caption":"Agnadi Syros"},"image":{"@id":"https:\/\/www.agnadi-syros.gr\/fr\/#\/schema\/logo\/image\/"}}]}},"_links":{"self":[{"href":"https:\/\/www.agnadi-syros.gr\/fr\/wp-json\/wp\/v2\/pages\/2507","targetHints":{"allow":["GET"]}}],"collection":[{"href":"https:\/\/www.agnadi-syros.gr\/fr\/wp-json\/wp\/v2\/pages"}],"about":[{"href":"https:\/\/www.agnadi-syros.gr\/fr\/wp-json\/wp\/v2\/types\/page"}],"author":[{"embeddable":true,"href":"https:\/\/www.agnadi-syros.gr\/fr\/wp-json\/wp\/v2\/users\/1"}],"replies":[{"embeddable":true,"href":"https:\/\/www.agnadi-syros.gr\/fr\/wp-json\/wp\/v2\/comments?post=2507"}],"version-history":[{"count":15,"href":"https:\/\/www.agnadi-syros.gr\/fr\/wp-json\/wp\/v2\/pages\/2507\/revisions"}],"predecessor-version":[{"id":5134,"href":"https:\/\/www.agnadi-syros.gr\/fr\/wp-json\/wp\/v2\/pages\/2507\/revisions\/5134"}],"wp:attachment":[{"href":"https:\/\/www.agnadi-syros.gr\/fr\/wp-json\/wp\/v2\/media?parent=2507"}],"curies":[{"name":"wp","href":"https:\/\/api.w.org\/{rel}","templated":true}]}}